{"id":6,"date":"2025-02-27T22:02:37","date_gmt":"2025-02-27T22:02:37","guid":{"rendered":"https:\/\/rioclarobalancas.com.br\/index.php\/mesmerize\/"},"modified":"2025-09-06T01:45:20","modified_gmt":"2025-09-06T01:45:20","slug":"mesmerize","status":"publish","type":"page","link":"https:\/\/rioclarobalancas.com.br\/","title":{"rendered":"Front Page"},"content":{"rendered":"<div  data-label=\"SERVICOS\" data-id=\"portfolio--1\" data-export-id=\"portfolio-5\" data-category=\"portfolio\" class=\"portfolio-5 content-section content-section-spacing\" id=\"servicos\" style=\"background-color: rgb(245, 250, 253);\"><div  class=\"gridContainer\"> <div  class=\"row text-center\"><div  class=\"section-title-col\" data-type=\"column\"> <h2  class=\"\">SERVI\u00c7OS<\/h2> <p  class=\"lead\">Com muita experiencia em solu\u00e7\u00f5es de pesagens industriais, entre em contato conosco para maiores informa\u00e7\u00f5es e solu\u00e7\u00f5es.<\/p><\/div> <\/div> <div  class=\"row space-bottom spaced-cols\" data-type=\"row\"> <div  class=\"col-xs-12 col-sm-4 text-center col-md-4 \"> <div  class=\"card no-padding bordered\"> <div  data-hover-fx=\"portfolio-6\" class=\"contentswap-effect\"> <div  class=\"initial-image\"> <img  decoding=\"async\" data-size=\"500x333\" src=\"https:\/\/rioclarobalancas.com.br\/wp-content\/uploads\/2025\/04\/cropped-ind.jpg\"><\/div> <div  class=\"overlay bg-color6\"><\/div> <div  class=\"swap-inner col-xs-12\"> <div  class=\"row full-height-row middle-xs middle-sm\"> <div  class=\"col-xs-12 text-center content-holder\"> <a  class=\"button small color2\" href=\"https:\/\/api.whatsapp.com\/send?phone=5519920010352\" target=\"_blank\" data-cp-link=\"1\">Fale Conosco<\/a><\/div> <\/div><\/div> <\/div> <div  class=\"col-xs-12\"> <div  class=\"space-bottom space-top\" data-type=\"column\"> <h5  class=\"\">BALAN\u00c7AS INDUSTRIAIS<\/h5> <p  class=\"small italic\">Realizamos servi\u00e7os em industrias na regiao de Rio Claro em TODOS os tipos de balan\u00e7as e sistemas de pesagens.<\/p><\/div> <\/div><\/div> <\/div> <div  class=\"col-xs-12 col-sm-4 text-center col-md-4 \"> <div  class=\"card no-padding bordered\"> <div  data-hover-fx=\"portfolio-6\" class=\"contentswap-effect\"> <div  class=\"initial-image\"> <img  decoding=\"async\" data-size=\"500x333\" src=\"https:\/\/rioclarobalancas.com.br\/wp-content\/uploads\/2025\/04\/cropped-rlod.jpg\"><\/div> <div  class=\"overlay bg-color6\"><\/div> <div  class=\"swap-inner col-xs-12\"> <div  class=\"row full-height-row middle-xs middle-sm\"> <div  class=\"col-xs-12 text-center content-holder\"> <a  class=\"button small color2\" href=\"https:\/\/api.whatsapp.com\/send?phone=5519920010352\" target=\"_blank\" data-cp-link=\"1\">Fale Conosco<\/a><\/div> <\/div><\/div> <\/div> <div  class=\"col-xs-12\"> <div  class=\"space-bottom space-top\" data-type=\"column\"> <h5  class=\"\">BALAN\u00c7AS RODOVIARIAS<\/h5> <p  class=\"small italic\">Balan\u00e7as Rodoviarias Mecanicas, Eletronicas e digitais, entre em contato conosco e tenha informa\u00e7\u00f5es rapidas e confiaveis.<\/p><\/div> <\/div><\/div> <\/div> <div  class=\"col-xs-12 col-sm-4 text-center col-md-4 \"> <div  class=\"card no-padding bordered\"> <div  data-hover-fx=\"portfolio-6\" class=\"contentswap-effect\"> <div  class=\"initial-image\"> <img  decoding=\"async\" data-size=\"500x333\" src=\"https:\/\/rioclarobalancas.com.br\/wp-content\/uploads\/2025\/04\/cropped-cropped-tronco.jpg\"><\/div> <div  class=\"overlay bg-color6\"><\/div> <div  class=\"swap-inner col-xs-12\"> <div  class=\"row full-height-row middle-xs middle-sm\"> <div  class=\"col-xs-12 text-center content-holder\"> <a  class=\"button small color2\" href=\"https:\/\/api.whatsapp.com\/send?phone=5519920010352\" target=\"_blank\" data-cp-link=\"1\">Fale Conosco<\/a><\/div> <\/div><\/div> <\/div> <div  class=\"col-xs-12\"> <div  class=\"space-bottom space-top\" data-type=\"column\"> <h5  class=\"\">BALAN\u00c7AS TRONCOS<\/h5> <p  class=\"small italic\">Equipe especializada em balan\u00e7as tronco, iremos at\u00e9 sua propiedade para realizar manuten\u00e7\u00e3o em seu tronco.<\/p><\/div> <\/div><\/div> <\/div><div  class=\"col-xs-12 col-sm-4 text-center col-md-4 \"> <div  class=\"card no-padding bordered\"> <div  data-hover-fx=\"portfolio-6\" class=\"contentswap-effect\"> <div  class=\"initial-image\"> <img  decoding=\"async\" data-size=\"500x333\" src=\"https:\/\/rioclarobalancas.com.br\/wp-content\/uploads\/2025\/04\/cropped-cropped-deter.jpg\"><\/div> <div  class=\"overlay bg-color6\"><\/div> <div  class=\"swap-inner col-xs-12\"> <div  class=\"row full-height-row middle-xs middle-sm\"> <div  class=\"col-xs-12 text-center content-holder\"> <a  class=\"button small color2\" href=\"https:\/\/api.whatsapp.com\/send?phone=5519920010352\" target=\"_blank\" data-cp-link=\"1\">Fale Conosco<\/a><\/div> <\/div><\/div> <\/div> <div  class=\"col-xs-12\"> <div  class=\"space-bottom space-top\" data-type=\"column\"> <h5  class=\"\">&nbsp;DETERMINADORA DE UMIDADE<\/h5> <p  class=\"small italic\">Manuten\u00e7\u00e3o em balan\u00e7as determinadoras de umidade \u00e9 aqui conosco. Larga experiencia nestes equipamentos.<\/p><\/div> <\/div><\/div> <\/div><div  class=\"col-xs-12 col-sm-4 text-center col-md-4\"> <div  class=\"card no-padding bordered\"> <div  data-hover-fx=\"portfolio-6\" class=\"contentswap-effect\"> <div  class=\"initial-image\"> <img  decoding=\"async\" data-size=\"500x333\" src=\"https:\/\/rioclarobalancas.com.br\/wp-content\/uploads\/2025\/04\/cropped-SIS.jpg\"><\/div> <div  class=\"overlay bg-color6\"><\/div> <div  class=\"swap-inner col-xs-12\"> <div  class=\"row full-height-row middle-xs middle-sm\"> <div  class=\"col-xs-12 text-center content-holder\"> <a  class=\"button small color2\" href=\"https:\/\/api.whatsapp.com\/send?phone=5519920010352\" target=\"_blank\" data-cp-link=\"1\">Fale Conosco<\/a><\/div> <\/div><\/div> <\/div> <div  class=\"col-xs-12\"> <div  class=\"space-bottom space-top\" data-type=\"column\"> <h5  class=\"\">SISTEMAS DE PESAGEM<\/h5> <p  class=\"small italic\">Realizamos servi\u00e7os em&nbsp; sstemas de pesagens, envasadoranus e outros, automa\u00e7\u00e3o e suporte a impress\u00e3o e transmiss\u00e3o de dados.<\/p><\/div> <\/div><\/div> <\/div><div  class=\"col-xs-12 col-sm-4 text-center col-md-4\"> <div  class=\"card no-padding bordered\"> <div  data-hover-fx=\"portfolio-6\" class=\"contentswap-effect\"> <div  class=\"initial-image\"> <img  decoding=\"async\" data-size=\"500x333\" src=\"https:\/\/rioclarobalancas.com.br\/wp-content\/uploads\/2025\/04\/cropped-dd.jpg\"><\/div> <div  class=\"overlay bg-color6\"><\/div> <div  class=\"swap-inner col-xs-12\"> <div  class=\"row full-height-row middle-xs middle-sm\"> <div  class=\"col-xs-12 text-center content-holder\"> <a  class=\"button small color2\" href=\"https:\/\/api.whatsapp.com\/send?phone=5519920010352\" target=\"_blank\" data-cp-link=\"1\">Fale Conosco<\/a><\/div> <\/div><\/div> <\/div> <div  class=\"col-xs-12\"> <div  class=\"space-bottom space-top\" data-type=\"column\"> <h5  class=\"\">DINAMOMETROS<\/h5> <p  class=\"small italic\">Trabalhamos com todas as marcas e modelos de dinamometros e Paleteiras. Converse conosco e tire suas duvidas.<\/p><\/div> <\/div><\/div> <\/div><div  class=\"col-xs-12 col-sm-4 text-center col-md-4\"> <div  class=\"card no-padding bordered\"> <div  data-hover-fx=\"portfolio-6\" class=\"contentswap-effect\"> <div  class=\"initial-image\"> <img  decoding=\"async\" data-size=\"500x333\" src=\"https:\/\/rioclarobalancas.com.br\/wp-content\/uploads\/2025\/05\/cropped-2083041_1.jpg\"><\/div> <div  class=\"overlay bg-color6\"><\/div> <div  class=\"swap-inner col-xs-12\"> <div  class=\"row full-height-row middle-xs middle-sm\"> <div  class=\"col-xs-12 text-center content-holder\"> <a  class=\"button small color2\" href=\"https:\/\/api.whatsapp.com\/send?phone=5519920010352\" target=\"_blank\" data-cp-link=\"1\">Fale Conosco<\/a><\/div> <\/div><\/div> <\/div> <div  class=\"col-xs-12\"> <div  class=\"space-bottom space-top\" data-type=\"column\"> <h5  class=\"\">BALAN\u00c7AS MECANICAS<\/h5> <p  class=\"small italic\">SIM, tamb\u00e9m realizamos manuten\u00e7\u00e3o e reforma em balan\u00e7as antigas, inclusive temos varias para venda.&nbsp;<\/p><\/div> <\/div><\/div> <\/div><div  class=\"col-xs-12 col-sm-4 text-center col-md-4\"> <div  class=\"card no-padding bordered\"> <div  data-hover-fx=\"portfolio-6\" class=\"contentswap-effect\"> <div  class=\"initial-image\"> <img  decoding=\"async\" data-size=\"500x333\" src=\"https:\/\/rioclarobalancas.com.br\/wp-content\/uploads\/2025\/05\/cropped-calsite-1.png\"><\/div> <div  class=\"overlay bg-color6\"><\/div> <div  class=\"swap-inner col-xs-12\"> <div  class=\"row full-height-row middle-xs middle-sm\"> <div  class=\"col-xs-12 text-center content-holder\"> <a  class=\"button small color2\" href=\"https:\/\/api.whatsapp.com\/send?phone=5519920010352\" target=\"_blank\" data-cp-link=\"1\">Fale Conosco<\/a><\/div> <\/div><\/div> <\/div> <div  class=\"col-xs-12\"> <div  class=\"space-bottom space-top\" data-type=\"column\"> <h5  class=\"\">CALIBRA\u00c7\u00c3O<\/h5> <p  class=\"small italic\">Calibra\u00e7\u00e3o Rastreada e Emiss\u00e3o de Certificados e disponibiliza\u00e7\u00e3o ONLINE, converse conosco para saber mais e solicitar um or\u00e7amento.<\/p><\/div> <\/div><\/div> <\/div><div  class=\"col-xs-12 col-sm-4 text-center col-md-4\"> <div  class=\"card no-padding bordered\"> <div  data-hover-fx=\"portfolio-6\" class=\"contentswap-effect\"> <div  class=\"initial-image\"> <img  decoding=\"async\" data-size=\"500x333\" src=\"https:\/\/rioclarobalancas.com.br\/wp-content\/uploads\/2025\/09\/cropped-PAQUIMETRO.jpeg\"><\/div> <div  class=\"overlay bg-color6\"><\/div> <div  class=\"swap-inner col-xs-12\"> <div  class=\"row full-height-row middle-xs middle-sm\"> <div  class=\"col-xs-12 text-center content-holder\"> <a  class=\"button small color2\" href=\"https:\/\/api.whatsapp.com\/send?phone=5519920010352\" target=\"_blank\" data-cp-link=\"1\">Fale Conosco<\/a><\/div> <\/div><\/div> <\/div> <div  class=\"col-xs-12\"> <div  class=\"space-bottom space-top\" data-type=\"column\"> <h5  class=\"\">CALIBRA\u00c7\u00d5ES<\/h5> <p  class=\"small italic\">Realizamos calibra\u00e7\u00f5es em Paquimetros, reguas, trenas, micrometros, medidor de espessuas, relogio comparador, medidor de camada de tinta, entre outros.<\/p><\/div> <\/div><\/div> <\/div><\/div> <div  class=\"row\"><div  data-type=\"column\" class=\"col-xs-12 text-center\"> <a  class=\"button color2 y-move\" href=\"https:\/\/api.whatsapp.com\/send?phone=5519920010352\" target=\"_self\" data-cp-link=\"1\">Whatsapp<\/a><\/div> <\/div><\/div> <\/div><div  data-label=\"RIO CLARO BALANCAS\" data-id=\"overlappable--1\" data-export-id=\"overlappable-4\" data-category=\"overlappable\" class=\"overlappable-4 content-section content-section-spacing\" data-overlap=\"true\" id=\"rio-claro-balancas\" style=\"background-color: rgb(255, 255, 255);\"><div  class=\"gridContainer\"> <div  data-type=\"row\" class=\"row spaced-cols text-center\"><div  class=\"col-xs-12 col-sm-4 col-padding col-md-4 \"> <a  data-cp-link=\"1\" href=\"#\" target=\"_self\"><i  class=\"fa icon shadow-large-black aligncenter color1 fa-balance-scale reverse round large\"><\/i><\/a> <div  data-type=\"column\" class=\"\"> <h5  class=\"\">PROPOSITO DE NEGOCIO<\/h5> <p  class=\"\">Trabalhamos com disposi\u00e7\u00e3o, conhecimento, exp\u00eariencia, amor e zelo. Pratica de pre\u00e7os justos e atendimentos rapidos, afim de realizar parcerias.<\/p><\/div> <\/div> <div  class=\"col-xs-12 col-sm-4 col-padding col-md-4 \"> <i  class=\"fa icon shadow-large-black aligncenter color1 fa-bus reverse round large\"><\/i> <div  data-type=\"column\" class=\"\"><h5  class=\"\">MISS\u00c3O<\/h5> <p  class=\"\">Organizar equipamentos de pesagens em sua industria e garantir bom funcionamento e treinamentos adequados.<\/p><\/div> <\/div> <div  class=\"col-xs-12 col-sm-4 col-padding col-md-4 \"> <i  class=\"fa icon fa-magic large shadow-large-black round aligncenter reverse color1\"><\/i> <div  data-type=\"column\" class=\"\"><h5  class=\"\">VALORES<\/h5> <p  class=\"\">Respeito pelas pessoas, clientes, colaboradores, fornecedores, parceiros e atender a legisla\u00e7\u00e3o.<\/p><\/div> <\/div><\/div> <\/div><\/div><div  data-label=\"CONTRATOS\" data-id=\"about--1\" data-export-id=\"about-4\" data-category=\"about\" class=\"about-4 content-section content-section-spacing\" id=\"contratos\" style=\"background-color: rgb(245, 250, 253);\"><div  class=\"gridContainer\"> <div  class=\"row middle-sm text-center\"><div  class=\"col-sm-5 space-bottom-xs\" data-type=\"column\">  <h2  class=\"\">Tenha em sua empresa um contrato de Manuten\u00e7\u00e3o e tenha&nbsp;&nbsp;<span  style=\"font-family: Playfair Display,sans-serif; font-weight: 700; font-style: italic;\" href=\"#\">atendimentos r\u00e1pidos e solu\u00e7\u00f5es eficientes.<\/span><\/h2> <p  class=\"\">Tenha maior rendimento em seus equipamentos, solu\u00e7\u00f5es organizadas em maximizar o uso e diminuir manuten\u00e7\u00f5es e erros em seus processos contando conosco, que a mais de 25 anos entendemos e tratamos com carinho e respeito balan\u00e7as, clientes e parceiros.<\/p> <a  class=\"button color1\" href=\"https:\/\/api.whatsapp.com\/send?phone=5519920010352\" target=\"_blank\" data-cp-link=\"1\">ENTRE EM CONTATO<\/a><\/div> <div  class=\"col-sm-7 flexbox center-xs middle-xs image-group-2-img\"> <img  decoding=\"async\" class=\"img-1 shadow-large\" data-size=\"250x200\" src=\"https:\/\/rioclarobalancas.com.br\/wp-content\/uploads\/2025\/05\/cropped-contrato_manutencao2.jpg\" title=\"cropped-contrato_manutencao2.jpg\" alt=\"\"> <img  decoding=\"async\" class=\"img-2 shadow-large\" data-size=\"220x170\" src=\"https:\/\/rioclarobalancas.com.br\/wp-content\/uploads\/2025\/05\/cropped-contrato_manutencao.jpg\" title=\"cropped-contrato_manutencao.jpg\" alt=\"\"><\/div> <\/div><\/div> <\/div><div  data-label=\"CALIBRACAO RODOVIARIA\" data-id=\"content--1\" data-export-id=\"content-8\" data-category=\"content\" class=\"content-8 content-section content-section-spacing\" id=\"calibracao-rodoviaria\" style=\"background-color: rgb(255, 255, 255); background-image: none;\"><div  class=\"gridContainer\"> <div  class=\"row middle-sm\"><div  class=\"col-sm-6 space-bottom-xs space-top-xs\" data-type=\"column\"> <img  decoding=\"async\" class=\"shadow-large\" src=\"https:\/\/rioclarobalancas.com.br\/wp-content\/uploads\/2025\/05\/cropped-Toledo_Scales_6.jpg\" title=\"cropped-Toledo_Scales_6.jpg\" alt=\"\"><\/div> <div  class=\"col-sm-6\" data-type=\"column\"><h2  class=\"\" style=\"border-bottom-color: rgb(91, 59, 236);\">CALIBRA\u00c7\u00c3O DE BALAN\u00c7AS RODOVIARIAS&nbsp;<\/h2> <p  class=\"\">Realizamos manuten\u00e7\u00e3o, automa\u00e7\u00e3o e CALIBRA\u00c7\u00c3O de balan\u00e7as Rodoviarias na Regi\u00e3o de Rio Claro, atendemos Industrias, Produtores Rurais e Balan\u00e7as de Grande porte usando at\u00e9 22 padr\u00f5es de 500 kg.<\/p> <a  class=\"button color1\" href=\"https:\/\/api.whatsapp.com\/send?phone=5519920010352\" target=\"_blank\" data-cp-link=\"1\">Saiba Mais<\/a><\/div> <\/div><\/div> <\/div><div  data-label=\"CONTATO\" data-id=\"contact--1\" data-export-id=\"contact-1\" data-category=\"contact\" class=\"contact-1 content-section content-section-spacing white-text\" data-parallax-depth=\"20\" id=\"contato\" style=\"background-color: rgb(255, 255, 255); background-size: cover; background-position: center top; background-image: url(&quot;https:\/\/rioclarobalancas.com.br\/wp-content\/uploads\/2025\/05\/azul.png&quot;);\"><div  class=\"\"> <div  class=\"row text-center\"><div  class=\"section-title-col\" data-type=\"column\"> <h2  class=\"\">Contato<\/h2> <p  class=\"lead\">Entre em contato conosco.<\/p><\/div> <\/div> <div  class=\"row text-center\"> <div  class=\"col-xs-12 col-sm-8 col-sm-offset-2 contact-form-wrapper inline-info\"> <div  class=\"card large-padding\"> <div  class=\"\" data-content-shortcode=\"mesmerize_contact_form shortcode=&quot;contact-form-7 id=&amp;amp;quot;468112a&amp;amp;quot; title=&amp;amp;quot;Formul\u00e1rio de contacto 1&amp;amp;quot;&quot;\" data-editable=\"true\">\n<div class=\"wpcf7 no-js\" id=\"wpcf7-f120-o1\" lang=\"pt-PT\" dir=\"ltr\" data-wpcf7-id=\"120\">\n<div class=\"screen-reader-response\"><p role=\"status\" aria-live=\"polite\" aria-atomic=\"true\"><\/p> <ul><\/ul><\/div>\n<form action=\"\/index.php\/wp-json\/wp\/v2\/pages\/6#wpcf7-f120-o1\" method=\"post\" class=\"wpcf7-form init\" aria-label=\"Formul\u00e1rio de contacto\" novalidate=\"novalidate\" data-status=\"init\">\n<div style=\"display: none;\">\n<input type=\"hidden\" name=\"_wpcf7\" value=\"120\" \/>\n<input type=\"hidden\" name=\"_wpcf7_version\" value=\"6.0.6\" \/>\n<input type=\"hidden\" name=\"_wpcf7_locale\" value=\"pt_PT\" \/>\n<input type=\"hidden\" name=\"_wpcf7_unit_tag\" value=\"wpcf7-f120-o1\" \/>\n<input type=\"hidden\" name=\"_wpcf7_container_post\" value=\"0\" \/>\n<input type=\"hidden\" name=\"_wpcf7_posted_data_hash\" value=\"\" \/>\n<\/div>\n<p><label> O seu nome<br \/>\n<span class=\"wpcf7-form-control-wrap\" data-name=\"your-name\"><input size=\"40\" maxlength=\"400\" class=\"wpcf7-form-control wpcf7-text wpcf7-validates-as-required\" autocomplete=\"name\" aria-required=\"true\" aria-invalid=\"false\" value=\"\" type=\"text\" name=\"your-name\" \/><\/span> <\/label>\n<\/p>\n<p><label> O seu email<br \/>\n<span class=\"wpcf7-form-control-wrap\" data-name=\"your-email\"><input size=\"40\" maxlength=\"400\" class=\"wpcf7-form-control wpcf7-email wpcf7-validates-as-required wpcf7-text wpcf7-validates-as-email\" autocomplete=\"email\" aria-required=\"true\" aria-invalid=\"false\" value=\"\" type=\"email\" name=\"your-email\" \/><\/span> <\/label>\n<\/p>\n<p><label> Assunto<br \/>\n<span class=\"wpcf7-form-control-wrap\" data-name=\"your-subject\"><input size=\"40\" maxlength=\"400\" class=\"wpcf7-form-control wpcf7-text wpcf7-validates-as-required\" aria-required=\"true\" aria-invalid=\"false\" value=\"\" type=\"text\" name=\"your-subject\" \/><\/span> <\/label>\n<\/p>\n<p><label> A sua mensagem (opcional)<br \/>\n<span class=\"wpcf7-form-control-wrap\" data-name=\"your-message\"><textarea cols=\"40\" rows=\"10\" maxlength=\"2000\" class=\"wpcf7-form-control wpcf7-textarea\" aria-invalid=\"false\" name=\"your-message\"><\/textarea><\/span> <\/label>\n<\/p>\n<p><input class=\"wpcf7-form-control wpcf7-submit has-spinner\" type=\"submit\" value=\"Submeter\" \/>\n<\/p><div class=\"wpcf7-response-output\" aria-hidden=\"true\"><\/div>\n<\/form>\n<\/div>\n<\/div><\/div> <\/div><\/div> <\/div><\/div><div  data-label=\"Gratidao\" data-id=\"cta--1\" data-export-id=\"cta-blue-section\" data-category=\"cta\" class=\"cta-blue-section content-section content-section-spacing-medium bg-color1 white-text\" id=\"gratidao\" style=\"background-color: rgb(245, 250, 253);\"><div  class=\"gridContainer\"> <div  class=\"row middle-xs\"><div  class=\"col-sm-8 space-bottom-xs\" data-type=\"column\"> <h2  class=\"\"><span  class=\"font-300\">Desde 1999 trabalhamos com balan\u00e7as!&nbsp;<\/span><\/h2> <\/div> <div  class=\"col-sm-4 end-sm\" data-type=\"column\"> <a  class=\"button color2\" href=\"https:\/\/api.whatsapp.com\/send?phone=5519920010352\" target=\"_blank\" data-cp-link=\"1\">Fale Conosco<\/a><\/div> <\/div><\/div> <\/div>","protected":false},"excerpt":{"rendered":"<p>SERVI\u00c7OS Com muita experiencia em solu\u00e7\u00f5es de pesagens industriais, entre em contato conosco para maiores informa\u00e7\u00f5es e solu\u00e7\u00f5es. Fale Conosco BALAN\u00c7AS INDUSTRIAIS Realizamos servi\u00e7os em industrias na regiao de Rio Claro em TODOS os tipos de balan\u00e7as e sistemas de pesagens. Fale Conosco BALAN\u00c7AS RODOVIARIAS Balan\u00e7as Rodoviarias Mecanicas, Eletronicas e digitais, entre em contato conosco&hellip; <br \/> <a class=\"read-more\" href=\"https:\/\/rioclarobalancas.com.br\/\">Read more<\/a><\/p>\n","protected":false},"author":1,"featured_media":0,"parent":0,"menu_order":0,"comment_status":"closed","ping_status":"closed","template":"page-templates\/homepage.php","meta":{"om_disable_all_campaigns":false,"_monsterinsights_skip_tracking":false,"_monsterinsights_sitenote_active":false,"_monsterinsights_sitenote_note":"","_monsterinsights_sitenote_category":0,"footnotes":""},"class_list":["post-6","page","type-page","status-publish","hentry"],"aioseo_notices":[],"_links":{"self":[{"href":"https:\/\/rioclarobalancas.com.br\/index.php\/wp-json\/wp\/v2\/pages\/6","targetHints":{"allow":["GET"]}}],"collection":[{"href":"https:\/\/rioclarobalancas.com.br\/index.php\/wp-json\/wp\/v2\/pages"}],"about":[{"href":"https:\/\/rioclarobalancas.com.br\/index.php\/wp-json\/wp\/v2\/types\/page"}],"author":[{"embeddable":true,"href":"https:\/\/rioclarobalancas.com.br\/index.php\/wp-json\/wp\/v2\/users\/1"}],"replies":[{"embeddable":true,"href":"https:\/\/rioclarobalancas.com.br\/index.php\/wp-json\/wp\/v2\/comments?post=6"}],"version-history":[{"count":24,"href":"https:\/\/rioclarobalancas.com.br\/index.php\/wp-json\/wp\/v2\/pages\/6\/revisions"}],"predecessor-version":[{"id":148,"href":"https:\/\/rioclarobalancas.com.br\/index.php\/wp-json\/wp\/v2\/pages\/6\/revisions\/148"}],"wp:attachment":[{"href":"https:\/\/rioclarobalancas.com.br\/index.php\/wp-json\/wp\/v2\/media?parent=6"}],"curies":[{"name":"wp","href":"https:\/\/api.w.org\/{rel}","templated":true}]}}